{"id":987511821,"date":"2022-11-17T10:49:12","date_gmt":"2022-11-17T15:49:12","guid":{"rendered":"https:\/\/darpro.ca\/shop\/non class\u00e9\/titan-16028-26-pc-bit-de-precision-et-ensemble-de-pilotes\/"},"modified":"2024-09-20T10:39:42","modified_gmt":"2024-09-20T14:39:42","slug":"titan-26-pc-precision-bit-and-driver-set","status":"publish","type":"product","link":"https:\/\/darpro.ca\/fr\/titan-26-pc-precision-bit-and-driver-set\/","title":{"rendered":"Titan 16028 26 pc. Bit de pr\u00e9cision et ensemble de pilotes"},"content":{"rendered":"<p>Lib\u00e9ration en un clic Plateau \u00e0 outils rotatif Bouton-poussoir pour \u00e9jecter Anneau cod\u00e9 par couleur pour une identification facile Conseil sp\u00e9cialis\u00e9 pour iPhone Les bits comprennent: (4) Phillips: 000 , 00 , 0 , 1; (2) Pentalobe: TS1 , TS5; (5) Fendue: 1,0 , 1,5 , 2,0 , 2,5 , 3,0; (7) Hex: 0,7 , 0,9 , 1,3 , 1,5 , 2,0 , 2,5 , 3,0; (6) \u00c9TOILE : T4, T5, T6, T7, T8, T9 ; (1) Support de bit magn\u00e9tique; (1) Pilote de bit en aluminium.<\/p>\n","protected":false},"excerpt":{"rendered":"<p>Lib\u00e9ration en un clic Plateau \u00e0 outils rotatif Bouton-poussoir pour \u00e9jecter Anneau cod\u00e9 par couleur pour une identification facile Conseil sp\u00e9cialis\u00e9 pour iPhone Les bits comprennent: (4) Phillips: 000 , 00 , 0 , 1; (2) Pentalobe: TS1 , TS5; (5) Fendue: 1,0 , 1,5 , 2,0 , 2,5 , 3,0; (7) Hex: 0,7 , [&hellip;]<\/p>\n","protected":false},"featured_media":987510909,"comment_status":"open","ping_status":"closed","template":"","meta":{"_et_pb_use_builder":"","_et_pb_old_content":"","_et_gb_content_width":""},"product_brand":[],"product_cat":[173,174],"product_tag":[185],"class_list":{"0":"post-987511821","1":"product","2":"type-product","3":"status-publish","4":"has-post-thumbnail","6":"product_cat-tournevis","7":"product_cat-tournevis-pilotes-et-ensembles-de-taillants","8":"product_tag-outils-titan","10":"first","11":"outofstock","12":"taxable","13":"shipping-taxable","14":"product-type-simple"},"jetpack_sharing_enabled":true,"_links":{"self":[{"href":"https:\/\/darpro.ca\/fr\/wp-json\/wp\/v2\/product\/987511821","targetHints":{"allow":["GET"]}}],"collection":[{"href":"https:\/\/darpro.ca\/fr\/wp-json\/wp\/v2\/product"}],"about":[{"href":"https:\/\/darpro.ca\/fr\/wp-json\/wp\/v2\/types\/product"}],"replies":[{"embeddable":true,"href":"https:\/\/darpro.ca\/fr\/wp-json\/wp\/v2\/comments?post=987511821"}],"wp:featuredmedia":[{"embeddable":true,"href":"https:\/\/darpro.ca\/fr\/wp-json\/wp\/v2\/media\/987510909"}],"wp:attachment":[{"href":"https:\/\/darpro.ca\/fr\/wp-json\/wp\/v2\/media?parent=987511821"}],"wp:term":[{"taxonomy":"product_brand","embeddable":true,"href":"https:\/\/darpro.ca\/fr\/wp-json\/wp\/v2\/product_brand?post=987511821"},{"taxonomy":"product_cat","embeddable":true,"href":"https:\/\/darpro.ca\/fr\/wp-json\/wp\/v2\/product_cat?post=987511821"},{"taxonomy":"product_tag","embeddable":true,"href":"https:\/\/darpro.ca\/fr\/wp-json\/wp\/v2\/product_tag?post=987511821"}],"curies":[{"name":"wp","href":"https:\/\/api.w.org\/{rel}","templated":true}]}}