{"id":987511823,"date":"2022-11-17T11:14:13","date_gmt":"2022-11-17T16:14:13","guid":{"rendered":"https:\/\/darpro.ca\/shop\/non%20class\u00e9\/titan-17113-3-pc-ensemble-de-barres-de-levier-robustes\/"},"modified":"2024-09-20T10:40:14","modified_gmt":"2024-09-20T14:40:14","slug":"3-pc-barres-leviers-de-frappe","status":"publish","type":"product","link":"https:\/\/darpro.ca\/fr\/3-pc-barres-leviers-de-frappe\/","title":{"rendered":"Titan 17113 Ensemble de 3 barres-leviers de frappe"},"content":{"rendered":"<p>3 Pc Barres-leviers de frappe Leviers \u00e0 double extr\u00e9mit\u00e9 et (1) plateau de rangement. La longueur totale des barres de levier de frappe est de 7-1\/4 pouces. Chaque conception \u00e0 double extr\u00e9mit\u00e9 offre plusieurs options de pointe pour divers travaux. Construit en mat\u00e9riau composite de nylon renforc\u00e9 de verre pour plus de flexibilit\u00e9 et de r\u00e9sistance. La construction composite est l\u00e9g\u00e8re. non conducteur, non corrosif et r\u00e9siste aux solvants. Il permet d\u2019acc\u00e9der aux compartiments de piles, d\u2019ouvrir les couvercles de fixation des petits panneaux de carrosserie, de s\u00e9parer les assemblages \u00e9lectroniques et plus encore.<\/p>\n","protected":false},"excerpt":{"rendered":"<p>3 Pc Barres-leviers de frappe Leviers \u00e0 double extr\u00e9mit\u00e9 et (1) plateau de rangement. La longueur totale des barres de levier de frappe est de 7-1\/4 pouces. Chaque conception \u00e0 double extr\u00e9mit\u00e9 offre plusieurs options de pointe pour divers travaux. Construit en mat\u00e9riau composite de nylon renforc\u00e9 de verre pour plus de flexibilit\u00e9 et de [&hellip;]<\/p>\n","protected":false},"featured_media":987510931,"comment_status":"open","ping_status":"closed","template":"","meta":{"_et_pb_use_builder":"","_et_pb_old_content":"","_et_gb_content_width":""},"product_brand":[],"product_cat":[183],"product_tag":[185],"class_list":{"0":"post-987511823","1":"product","2":"type-product","3":"status-publish","4":"has-post-thumbnail","6":"product_cat-barre-de-levage","7":"product_tag-outils-titan","9":"first","10":"instock","11":"taxable","12":"shipping-taxable","13":"product-type-simple"},"jetpack_sharing_enabled":true,"_links":{"self":[{"href":"https:\/\/darpro.ca\/fr\/wp-json\/wp\/v2\/product\/987511823","targetHints":{"allow":["GET"]}}],"collection":[{"href":"https:\/\/darpro.ca\/fr\/wp-json\/wp\/v2\/product"}],"about":[{"href":"https:\/\/darpro.ca\/fr\/wp-json\/wp\/v2\/types\/product"}],"replies":[{"embeddable":true,"href":"https:\/\/darpro.ca\/fr\/wp-json\/wp\/v2\/comments?post=987511823"}],"wp:featuredmedia":[{"embeddable":true,"href":"https:\/\/darpro.ca\/fr\/wp-json\/wp\/v2\/media\/987510931"}],"wp:attachment":[{"href":"https:\/\/darpro.ca\/fr\/wp-json\/wp\/v2\/media?parent=987511823"}],"wp:term":[{"taxonomy":"product_brand","embeddable":true,"href":"https:\/\/darpro.ca\/fr\/wp-json\/wp\/v2\/product_brand?post=987511823"},{"taxonomy":"product_cat","embeddable":true,"href":"https:\/\/darpro.ca\/fr\/wp-json\/wp\/v2\/product_cat?post=987511823"},{"taxonomy":"product_tag","embeddable":true,"href":"https:\/\/darpro.ca\/fr\/wp-json\/wp\/v2\/product_tag?post=987511823"}],"curies":[{"name":"wp","href":"https:\/\/api.w.org\/{rel}","templated":true}]}}