{"id":987511824,"date":"2022-11-19T09:45:14","date_gmt":"2022-11-19T14:45:14","guid":{"rendered":"https:\/\/darpro.ca\/shop\/non%20class\u00e9\/titan-45209-22-pc-assortiment-de-tubes-thermoretractables-a-double-paroi-de-grand-diametre\/"},"modified":"2024-09-20T10:40:38","modified_gmt":"2024-09-20T14:40:38","slug":"titan-22-pc-tubes-thermoretractables-a-double-paroi-de-grand-diametre","status":"publish","type":"product","link":"https:\/\/darpro.ca\/fr\/titan-22-pc-tubes-thermoretractables-a-double-paroi-de-grand-diametre\/","title":{"rendered":"Titan 45209 22 pc. Tubes thermor\u00e9tractables \u00e0 double paroi de grand diam\u00e8tre"},"content":{"rendered":"<ul>\n<li><span class=\"a-list-item\">22 tubes thermor\u00e9tractables \u00e9tanches \u00e0 double paroi Polyefin (liste compl\u00e8te des tailles dans la description ci-dessous)<\/span><\/li>\n<li><span class=\"a-list-item\">Temp\u00e9rature de fonctionnement: -49 \u00b0F ~ 257 \u00b0F (-45 \u00b0C ~ 125 \u00b0C)<\/span><\/li>\n<li><span class=\"a-list-item\">Temp\u00e9rature de retrait: Commence \u00e0 158 \u00b0 F (70 \u00b0 C) Se termine \u00e0 248 \u00b0 F (120 \u00b0 C)<\/span><\/li>\n<li><span class=\"a-list-item\">Rapport de retrait de 3:1<\/span><\/li>\n<li><span class=\"a-list-item\">Puissance \u00e9lectrique maximale: 600 volts<\/span><\/li>\n<\/ul>\n","protected":false},"excerpt":{"rendered":"<p>22 tubes thermor\u00e9tractables \u00e9tanches \u00e0 double paroi Polyefin (liste compl\u00e8te des tailles dans la description ci-dessous) Temp\u00e9rature de fonctionnement: -49 \u00b0F ~ 257 \u00b0F (-45 \u00b0C ~ 125 \u00b0C) Temp\u00e9rature de retrait: Commence \u00e0 158 \u00b0 F (70 \u00b0 C) Se termine \u00e0 248 \u00b0 F (120 \u00b0 C) Rapport de retrait de 3:1 Puissance [&hellip;]<\/p>\n","protected":false},"featured_media":987510960,"comment_status":"open","ping_status":"closed","template":"","meta":{"_et_pb_use_builder":"","_et_pb_old_content":"","_et_gb_content_width":""},"product_brand":[],"product_cat":[211],"product_tag":[185],"class_list":{"0":"post-987511824","1":"product","2":"type-product","3":"status-publish","4":"has-post-thumbnail","6":"product_cat-kits-materiels","7":"product_tag-outils-titan","9":"first","10":"instock","11":"taxable","12":"shipping-taxable","13":"product-type-simple"},"jetpack_sharing_enabled":true,"_links":{"self":[{"href":"https:\/\/darpro.ca\/fr\/wp-json\/wp\/v2\/product\/987511824","targetHints":{"allow":["GET"]}}],"collection":[{"href":"https:\/\/darpro.ca\/fr\/wp-json\/wp\/v2\/product"}],"about":[{"href":"https:\/\/darpro.ca\/fr\/wp-json\/wp\/v2\/types\/product"}],"replies":[{"embeddable":true,"href":"https:\/\/darpro.ca\/fr\/wp-json\/wp\/v2\/comments?post=987511824"}],"wp:featuredmedia":[{"embeddable":true,"href":"https:\/\/darpro.ca\/fr\/wp-json\/wp\/v2\/media\/987510960"}],"wp:attachment":[{"href":"https:\/\/darpro.ca\/fr\/wp-json\/wp\/v2\/media?parent=987511824"}],"wp:term":[{"taxonomy":"product_brand","embeddable":true,"href":"https:\/\/darpro.ca\/fr\/wp-json\/wp\/v2\/product_brand?post=987511824"},{"taxonomy":"product_cat","embeddable":true,"href":"https:\/\/darpro.ca\/fr\/wp-json\/wp\/v2\/product_cat?post=987511824"},{"taxonomy":"product_tag","embeddable":true,"href":"https:\/\/darpro.ca\/fr\/wp-json\/wp\/v2\/product_tag?post=987511824"}],"curies":[{"name":"wp","href":"https:\/\/api.w.org\/{rel}","templated":true}]}}