{"id":987511826,"date":"2022-11-17T11:00:13","date_gmt":"2022-11-17T16:00:13","guid":{"rendered":"https:\/\/darpro.ca\/shop\/non class\u00e9\/titan-16106-3-pc-6-po-1-4-po-fixateur-decrou-magnetique-a-tige\/"},"modified":"2024-09-20T10:39:51","modified_gmt":"2024-09-20T14:39:51","slug":"titan-3-pc-6-in-1-4-in-shank-magnetic-nut-setter","status":"publish","type":"product","link":"https:\/\/darpro.ca\/fr\/titan-3-pc-6-in-1-4-in-shank-magnetic-nut-setter\/","title":{"rendered":"Titan 16106 3 pc. 6 po 1\/4 po Fixateur d\u2019\u00e9crou magn\u00e9tique \u00e0 tige"},"content":{"rendered":"<p>Pilotes d\u2019\u00e9crou magn\u00e9tiques. Construction au chrome vanadium. Tige de 6&nbsp;\u00bb x 1\/4&nbsp;\u00bb. Tailles: 1\/4&nbsp;\u00bb, 5\/16&nbsp;\u00bb et 3\/8&nbsp;\u00bb.<\/p>\n","protected":false},"excerpt":{"rendered":"<p>Pilotes d\u2019\u00e9crou magn\u00e9tiques. Construction au chrome vanadium. Tige de 6&nbsp;\u00bb x 1\/4&nbsp;\u00bb. Tailles: 1\/4&nbsp;\u00bb, 5\/16&nbsp;\u00bb et 3\/8&nbsp;\u00bb.<\/p>\n","protected":false},"featured_media":987510913,"comment_status":"open","ping_status":"closed","template":"","meta":{"_et_pb_use_builder":"","_et_pb_old_content":"","_et_gb_content_width":""},"product_brand":[],"product_cat":[205,174],"product_tag":[185],"class_list":{"0":"post-987511826","1":"product","2":"type-product","3":"status-publish","4":"has-post-thumbnail","6":"product_cat-embout-magnetique","7":"product_cat-tournevis-pilotes-et-ensembles-de-taillants","8":"product_tag-outils-titan","10":"first","11":"instock","12":"taxable","13":"shipping-taxable","14":"product-type-simple"},"jetpack_sharing_enabled":true,"_links":{"self":[{"href":"https:\/\/darpro.ca\/fr\/wp-json\/wp\/v2\/product\/987511826","targetHints":{"allow":["GET"]}}],"collection":[{"href":"https:\/\/darpro.ca\/fr\/wp-json\/wp\/v2\/product"}],"about":[{"href":"https:\/\/darpro.ca\/fr\/wp-json\/wp\/v2\/types\/product"}],"replies":[{"embeddable":true,"href":"https:\/\/darpro.ca\/fr\/wp-json\/wp\/v2\/comments?post=987511826"}],"wp:featuredmedia":[{"embeddable":true,"href":"https:\/\/darpro.ca\/fr\/wp-json\/wp\/v2\/media\/987510913"}],"wp:attachment":[{"href":"https:\/\/darpro.ca\/fr\/wp-json\/wp\/v2\/media?parent=987511826"}],"wp:term":[{"taxonomy":"product_brand","embeddable":true,"href":"https:\/\/darpro.ca\/fr\/wp-json\/wp\/v2\/product_brand?post=987511826"},{"taxonomy":"product_cat","embeddable":true,"href":"https:\/\/darpro.ca\/fr\/wp-json\/wp\/v2\/product_cat?post=987511826"},{"taxonomy":"product_tag","embeddable":true,"href":"https:\/\/darpro.ca\/fr\/wp-json\/wp\/v2\/product_tag?post=987511826"}],"curies":[{"name":"wp","href":"https:\/\/api.w.org\/{rel}","templated":true}]}}