{"id":987511827,"date":"2023-04-27T12:23:13","date_gmt":"2023-04-27T16:23:13","guid":{"rendered":"https:\/\/darpro.ca\/shop\/non class\u00e9\/titan-17221-4-pc-long-pick-set\/"},"modified":"2024-09-20T10:40:14","modified_gmt":"2024-09-20T14:40:14","slug":"4-pc-long-pick-set","status":"publish","type":"product","link":"https:\/\/darpro.ca\/fr\/4-pc-long-pick-set\/","title":{"rendered":"Titan 17221 4 pc. Long Pick Set"},"content":{"rendered":"<ul>\n<li class=\"\">Poign\u00e9es TPR confortables<\/li>\n<li class=\"\">Arbres chrom\u00e9s<\/li>\n<li class=\"\">Comprend 4 m\u00e9diators: courbe, 90 degr\u00e9s, d\u00e9cal\u00e9 et droit<\/li>\n<li class=\"\">Longueur totale: 16&nbsp;\u00bb<\/li>\n<\/ul>\n","protected":false},"excerpt":{"rendered":"<p>Poign\u00e9es TPR confortables Arbres chrom\u00e9s Comprend 4 m\u00e9diators: courbe, 90 degr\u00e9s, d\u00e9cal\u00e9 et droit Longueur totale: 16&nbsp;\u00bb<\/p>\n","protected":false},"featured_media":987510932,"comment_status":"open","ping_status":"closed","template":"","meta":{"_et_pb_use_builder":"","_et_pb_old_content":"","_et_gb_content_width":""},"product_brand":[],"product_cat":[254],"product_tag":[185],"class_list":{"0":"post-987511827","1":"product","2":"type-product","3":"status-publish","4":"has-post-thumbnail","6":"product_cat-ensemble-pic-crochet","7":"product_tag-outils-titan","9":"first","10":"instock","11":"taxable","12":"shipping-taxable","13":"product-type-simple"},"jetpack_sharing_enabled":true,"_links":{"self":[{"href":"https:\/\/darpro.ca\/fr\/wp-json\/wp\/v2\/product\/987511827","targetHints":{"allow":["GET"]}}],"collection":[{"href":"https:\/\/darpro.ca\/fr\/wp-json\/wp\/v2\/product"}],"about":[{"href":"https:\/\/darpro.ca\/fr\/wp-json\/wp\/v2\/types\/product"}],"replies":[{"embeddable":true,"href":"https:\/\/darpro.ca\/fr\/wp-json\/wp\/v2\/comments?post=987511827"}],"wp:featuredmedia":[{"embeddable":true,"href":"https:\/\/darpro.ca\/fr\/wp-json\/wp\/v2\/media\/987510932"}],"wp:attachment":[{"href":"https:\/\/darpro.ca\/fr\/wp-json\/wp\/v2\/media?parent=987511827"}],"wp:term":[{"taxonomy":"product_brand","embeddable":true,"href":"https:\/\/darpro.ca\/fr\/wp-json\/wp\/v2\/product_brand?post=987511827"},{"taxonomy":"product_cat","embeddable":true,"href":"https:\/\/darpro.ca\/fr\/wp-json\/wp\/v2\/product_cat?post=987511827"},{"taxonomy":"product_tag","embeddable":true,"href":"https:\/\/darpro.ca\/fr\/wp-json\/wp\/v2\/product_tag?post=987511827"}],"curies":[{"name":"wp","href":"https:\/\/api.w.org\/{rel}","templated":true}]}}