{"id":987511828,"date":"2022-11-19T09:52:14","date_gmt":"2022-11-19T14:52:14","guid":{"rendered":"https:\/\/darpro.ca\/shop\/non%20class\u00e9\/titan-45224-20-pc-assortiment-de-microfusibles-a-3-lames\/"},"modified":"2024-09-20T10:40:42","modified_gmt":"2024-09-20T14:40:42","slug":"titan-20-pc-microfusibles-a-3-lames","status":"publish","type":"product","link":"https:\/\/darpro.ca\/fr\/titan-20-pc-microfusibles-a-3-lames\/","title":{"rendered":"Titan 45224 20 pc. Microfusibles \u00e0 3 lames"},"content":{"rendered":"<ul>\n<li class=\"\">Assortiment de 20 microfusibles \u00e0 3 lames<\/li>\n<li class=\"\">Les fusibles vont de 5A \u00e0 15A<\/li>\n<li class=\"\">Comprend des \u00e9lectrodes de zinc<\/li>\n<li class=\"\">Comprend un \u00e9tui de rangement en plastique transparent<\/li>\n<li class=\"\">Contient des microfusibles 5ea: 5A (Tan), 7.5A (Marron), 10A (Rouge), 15A (Bleu)<\/li>\n<\/ul>\n","protected":false},"excerpt":{"rendered":"<p>Assortiment de 20 microfusibles \u00e0 3 lames Les fusibles vont de 5A \u00e0 15A Comprend des \u00e9lectrodes de zinc Comprend un \u00e9tui de rangement en plastique transparent Contient des microfusibles 5ea: 5A (Tan), 7.5A (Marron), 10A (Rouge), 15A (Bleu)<\/p>\n","protected":false},"featured_media":987510967,"comment_status":"open","ping_status":"closed","template":"","meta":{"_et_pb_use_builder":"","_et_pb_old_content":"","_et_gb_content_width":""},"product_brand":[],"product_cat":[221,211],"product_tag":[185],"class_list":{"0":"post-987511828","1":"product","2":"type-product","3":"status-publish","4":"has-post-thumbnail","6":"product_cat-assortiment-de-fusibles-lames","7":"product_cat-kits-materiels","8":"product_tag-outils-titan","10":"first","11":"outofstock","12":"taxable","13":"shipping-taxable","14":"product-type-simple"},"jetpack_sharing_enabled":true,"_links":{"self":[{"href":"https:\/\/darpro.ca\/fr\/wp-json\/wp\/v2\/product\/987511828","targetHints":{"allow":["GET"]}}],"collection":[{"href":"https:\/\/darpro.ca\/fr\/wp-json\/wp\/v2\/product"}],"about":[{"href":"https:\/\/darpro.ca\/fr\/wp-json\/wp\/v2\/types\/product"}],"replies":[{"embeddable":true,"href":"https:\/\/darpro.ca\/fr\/wp-json\/wp\/v2\/comments?post=987511828"}],"wp:featuredmedia":[{"embeddable":true,"href":"https:\/\/darpro.ca\/fr\/wp-json\/wp\/v2\/media\/987510967"}],"wp:attachment":[{"href":"https:\/\/darpro.ca\/fr\/wp-json\/wp\/v2\/media?parent=987511828"}],"wp:term":[{"taxonomy":"product_brand","embeddable":true,"href":"https:\/\/darpro.ca\/fr\/wp-json\/wp\/v2\/product_brand?post=987511828"},{"taxonomy":"product_cat","embeddable":true,"href":"https:\/\/darpro.ca\/fr\/wp-json\/wp\/v2\/product_cat?post=987511828"},{"taxonomy":"product_tag","embeddable":true,"href":"https:\/\/darpro.ca\/fr\/wp-json\/wp\/v2\/product_tag?post=987511828"}],"curies":[{"name":"wp","href":"https:\/\/api.w.org\/{rel}","templated":true}]}}