{"id":987511832,"date":"2022-11-17T10:58:13","date_gmt":"2022-11-17T15:58:13","guid":{"rendered":"https:\/\/darpro.ca\/shop\/non%20class\u00e9\/titan-16131-7-pc-ensemble-metrique-de-sockets-hexadecimaux\/"},"modified":"2024-09-20T10:39:54","modified_gmt":"2024-09-20T14:39:54","slug":"titan-7-pc-douilles-tournevis-hexagonales-larges-metriques","status":"publish","type":"product","link":"https:\/\/darpro.ca\/fr\/titan-7-pc-douilles-tournevis-hexagonales-larges-metriques\/","title":{"rendered":"Titan 16131 7 pc. Douilles-tournevis hexagonales larges m\u00e9triques"},"content":{"rendered":"<ul class=\"a-unordered-list a-vertical a-spacing-\">\n<li><span class=\"a-list-item\">Les tailles incluent: 13mm. 14mm. 15mm. 17mm. 19mm. 21mm. 22 mm<\/span><\/li>\n<li><span class=\"a-list-item\">Rail magn\u00e9tique en aluminium anodis\u00e9. Entra\u00eenement 1\/2 pouce<\/span><\/li>\n<li><span class=\"a-list-item\">S2 embouts en acier alli\u00e9 pour la r\u00e9sistance et la durabilit\u00e9<\/span><\/li>\n<li><span class=\"a-list-item\">Finition r\u00e9sistante \u00e0 la rouille<\/span><\/li>\n<\/ul>\n","protected":false},"excerpt":{"rendered":"<p>Les tailles incluent: 13mm. 14mm. 15mm. 17mm. 19mm. 21mm. 22 mm Rail magn\u00e9tique en aluminium anodis\u00e9. Entra\u00eenement 1\/2 pouce S2 embouts en acier alli\u00e9 pour la r\u00e9sistance et la durabilit\u00e9 Finition r\u00e9sistante \u00e0 la rouille<\/p>\n","protected":false},"featured_media":987510918,"comment_status":"open","ping_status":"closed","template":"","meta":{"_et_pb_use_builder":"","_et_pb_old_content":"","_et_gb_content_width":""},"product_brand":[],"product_cat":[249,162],"product_tag":[185],"class_list":{"0":"post-987511832","1":"product","2":"type-product","3":"status-publish","4":"has-post-thumbnail","6":"product_cat-jeu-de-sockets-binaires","7":"product_cat-outils-dentrainement-et-prises-dimpact","8":"product_tag-outils-titan","10":"first","11":"instock","12":"taxable","13":"shipping-taxable","14":"product-type-simple"},"jetpack_sharing_enabled":true,"_links":{"self":[{"href":"https:\/\/darpro.ca\/fr\/wp-json\/wp\/v2\/product\/987511832","targetHints":{"allow":["GET"]}}],"collection":[{"href":"https:\/\/darpro.ca\/fr\/wp-json\/wp\/v2\/product"}],"about":[{"href":"https:\/\/darpro.ca\/fr\/wp-json\/wp\/v2\/types\/product"}],"replies":[{"embeddable":true,"href":"https:\/\/darpro.ca\/fr\/wp-json\/wp\/v2\/comments?post=987511832"}],"wp:featuredmedia":[{"embeddable":true,"href":"https:\/\/darpro.ca\/fr\/wp-json\/wp\/v2\/media\/987510918"}],"wp:attachment":[{"href":"https:\/\/darpro.ca\/fr\/wp-json\/wp\/v2\/media?parent=987511832"}],"wp:term":[{"taxonomy":"product_brand","embeddable":true,"href":"https:\/\/darpro.ca\/fr\/wp-json\/wp\/v2\/product_brand?post=987511832"},{"taxonomy":"product_cat","embeddable":true,"href":"https:\/\/darpro.ca\/fr\/wp-json\/wp\/v2\/product_cat?post=987511832"},{"taxonomy":"product_tag","embeddable":true,"href":"https:\/\/darpro.ca\/fr\/wp-json\/wp\/v2\/product_tag?post=987511832"}],"curies":[{"name":"wp","href":"https:\/\/api.w.org\/{rel}","templated":true}]}}