{"id":987511834,"date":"2022-11-19T10:27:15","date_gmt":"2022-11-19T15:27:15","guid":{"rendered":"https:\/\/darpro.ca\/shop\/non%20class\u00e9\/titan-45253-80-pc-assortiment-de-capuchons-sous-vide-en-caoutchouc-de-silicone\/"},"modified":"2024-09-20T10:41:12","modified_gmt":"2024-09-20T14:41:12","slug":"titan-80-pc-bouchons-sous-vide-en-silicone","status":"publish","type":"product","link":"https:\/\/darpro.ca\/fr\/titan-80-pc-bouchons-sous-vide-en-silicone\/","title":{"rendered":"Titan 45253 80 pc. Assortiment de bouchons sous vide en silicone"},"content":{"rendered":"<p>Les bouchons sous vide en silicone peuvent fournir un moyen s\u00fbr de sceller les connexions de la conduite sur vos carburateurs, collecteurs, etc., lorsque les conduites ont \u00e9t\u00e9 retir\u00e9es. Ces bouchons sous vide sont fabriqu\u00e9s \u00e0 partir de caoutchouc Buna-N durable et r\u00e9sistant \u00e0 la chaleur. Ils sont disponibles dans une gamme de tailles dans un bo\u00eetier en plastique pratique et refermable pour garder les bouchons sous vide organis\u00e9s.<\/p>\n<p>Les trousses contiennent :<\/p>\n<p>* (20) 3\/16 po.<br \/>\n* (20) 5\/32 po.<br \/>\n* (20) 7\/32 po.<br \/>\n* (10) 1\/4 po.<br \/>\n* (5) 5\/16 po.<br \/>\n* (5) 3\/8 po.<\/p>\n","protected":false},"excerpt":{"rendered":"<p>Les bouchons sous vide en silicone peuvent fournir un moyen s\u00fbr de sceller les connexions de la conduite sur vos carburateurs, collecteurs, etc., lorsque les conduites ont \u00e9t\u00e9 retir\u00e9es. Ces bouchons sous vide sont fabriqu\u00e9s \u00e0 partir de caoutchouc Buna-N durable et r\u00e9sistant \u00e0 la chaleur. Ils sont disponibles dans une gamme de tailles dans [&hellip;]<\/p>\n","protected":false},"featured_media":987510987,"comment_status":"open","ping_status":"closed","template":"","meta":{"_et_pb_use_builder":"","_et_pb_old_content":"","_et_gb_content_width":""},"product_brand":[],"product_cat":[211],"product_tag":[185],"class_list":{"0":"post-987511834","1":"product","2":"type-product","3":"status-publish","4":"has-post-thumbnail","6":"product_cat-kits-materiels","7":"product_tag-outils-titan","9":"first","10":"instock","11":"taxable","12":"shipping-taxable","13":"product-type-simple"},"jetpack_sharing_enabled":true,"_links":{"self":[{"href":"https:\/\/darpro.ca\/fr\/wp-json\/wp\/v2\/product\/987511834","targetHints":{"allow":["GET"]}}],"collection":[{"href":"https:\/\/darpro.ca\/fr\/wp-json\/wp\/v2\/product"}],"about":[{"href":"https:\/\/darpro.ca\/fr\/wp-json\/wp\/v2\/types\/product"}],"replies":[{"embeddable":true,"href":"https:\/\/darpro.ca\/fr\/wp-json\/wp\/v2\/comments?post=987511834"}],"wp:featuredmedia":[{"embeddable":true,"href":"https:\/\/darpro.ca\/fr\/wp-json\/wp\/v2\/media\/987510987"}],"wp:attachment":[{"href":"https:\/\/darpro.ca\/fr\/wp-json\/wp\/v2\/media?parent=987511834"}],"wp:term":[{"taxonomy":"product_brand","embeddable":true,"href":"https:\/\/darpro.ca\/fr\/wp-json\/wp\/v2\/product_brand?post=987511834"},{"taxonomy":"product_cat","embeddable":true,"href":"https:\/\/darpro.ca\/fr\/wp-json\/wp\/v2\/product_cat?post=987511834"},{"taxonomy":"product_tag","embeddable":true,"href":"https:\/\/darpro.ca\/fr\/wp-json\/wp\/v2\/product_tag?post=987511834"}],"curies":[{"name":"wp","href":"https:\/\/api.w.org\/{rel}","templated":true}]}}