{"id":987511835,"date":"2022-11-17T10:49:13","date_gmt":"2022-11-17T15:49:13","guid":{"rendered":"https:\/\/darpro.ca\/shop\/non%20class\u00e9\/titan-16235-fixation-de-perceuse-a-angle-droit\/"},"modified":"2024-09-20T10:40:09","modified_gmt":"2024-09-20T14:40:09","slug":"titan-fixation-de-perceuse-a-angle-droit","status":"publish","type":"product","link":"https:\/\/darpro.ca\/fr\/titan-fixation-de-perceuse-a-angle-droit\/","title":{"rendered":"Titan 16235 Fixation de perceuse \u00e0 angle droit"},"content":{"rendered":"<p>Poign\u00e9e pivotante \u00e0 360 degr\u00e9s. Tige hexagonale de 1\/4 po. Porte-m\u00e8che de mandrin 1\/4 po. Rotation de pr\u00e9cision en douceur pendant la position \u00e0 90 degr\u00e9s.<\/p>\n","protected":false},"excerpt":{"rendered":"<p>Poign\u00e9e pivotante \u00e0 360 degr\u00e9s. Tige hexagonale de 1\/4 po. Porte-m\u00e8che de mandrin 1\/4 po. Rotation de pr\u00e9cision en douceur pendant la position \u00e0 90 degr\u00e9s.<\/p>\n","protected":false},"featured_media":987510927,"comment_status":"open","ping_status":"closed","template":"","meta":{"_et_pb_use_builder":"","_et_pb_old_content":"","_et_gb_content_width":""},"product_brand":[],"product_cat":[169],"product_tag":[185],"class_list":{"0":"post-987511835","1":"product","2":"type-product","3":"status-publish","4":"has-post-thumbnail","6":"product_cat-accessoires-pour-outils-electriques","7":"product_tag-outils-titan","9":"first","10":"instock","11":"taxable","12":"shipping-taxable","13":"product-type-simple"},"jetpack_sharing_enabled":true,"_links":{"self":[{"href":"https:\/\/darpro.ca\/fr\/wp-json\/wp\/v2\/product\/987511835","targetHints":{"allow":["GET"]}}],"collection":[{"href":"https:\/\/darpro.ca\/fr\/wp-json\/wp\/v2\/product"}],"about":[{"href":"https:\/\/darpro.ca\/fr\/wp-json\/wp\/v2\/types\/product"}],"replies":[{"embeddable":true,"href":"https:\/\/darpro.ca\/fr\/wp-json\/wp\/v2\/comments?post=987511835"}],"wp:featuredmedia":[{"embeddable":true,"href":"https:\/\/darpro.ca\/fr\/wp-json\/wp\/v2\/media\/987510927"}],"wp:attachment":[{"href":"https:\/\/darpro.ca\/fr\/wp-json\/wp\/v2\/media?parent=987511835"}],"wp:term":[{"taxonomy":"product_brand","embeddable":true,"href":"https:\/\/darpro.ca\/fr\/wp-json\/wp\/v2\/product_brand?post=987511835"},{"taxonomy":"product_cat","embeddable":true,"href":"https:\/\/darpro.ca\/fr\/wp-json\/wp\/v2\/product_cat?post=987511835"},{"taxonomy":"product_tag","embeddable":true,"href":"https:\/\/darpro.ca\/fr\/wp-json\/wp\/v2\/product_tag?post=987511835"}],"curies":[{"name":"wp","href":"https:\/\/api.w.org\/{rel}","templated":true}]}}