{"id":987511838,"date":"2023-04-27T12:23:15","date_gmt":"2023-04-27T16:23:15","guid":{"rendered":"https:\/\/darpro.ca\/shop\/non%20class\u00e9\/titan-60771-11-po-pinces-a-nez-long\/"},"modified":"2024-09-20T10:41:30","modified_gmt":"2024-09-20T14:41:30","slug":"pince-droite-11-po","status":"publish","type":"product","link":"https:\/\/darpro.ca\/fr\/pince-droite-11-po\/","title":{"rendered":"Titan 60771 Pince droite de 11 po."},"content":{"rendered":"<ul>\n<li class=\"\">Construit \u00e0 partir d\u2019acier alli\u00e9 \u00e0 haute teneur en carbone pour une longue durabilit\u00e9.<\/li>\n<li class=\"\">Pince droite de 11 po.<\/li>\n<\/ul>\n","protected":false},"excerpt":{"rendered":"<p>Construit \u00e0 partir d\u2019acier alli\u00e9 \u00e0 haute teneur en carbone pour une longue durabilit\u00e9. Pince droite de 11 po.<\/p>\n","protected":false},"featured_media":987511005,"comment_status":"open","ping_status":"closed","template":"","meta":{"_et_pb_use_builder":"","_et_pb_old_content":"","_et_gb_content_width":""},"product_brand":[],"product_cat":[241,240],"product_tag":[185],"class_list":{"0":"post-987511838","1":"product","2":"type-product","3":"status-publish","4":"has-post-thumbnail","6":"product_cat-pinces-a-nez-long","7":"product_cat-pinces","8":"product_tag-outils-titan","10":"first","11":"instock","12":"taxable","13":"shipping-taxable","14":"product-type-simple"},"jetpack_sharing_enabled":true,"_links":{"self":[{"href":"https:\/\/darpro.ca\/fr\/wp-json\/wp\/v2\/product\/987511838","targetHints":{"allow":["GET"]}}],"collection":[{"href":"https:\/\/darpro.ca\/fr\/wp-json\/wp\/v2\/product"}],"about":[{"href":"https:\/\/darpro.ca\/fr\/wp-json\/wp\/v2\/types\/product"}],"replies":[{"embeddable":true,"href":"https:\/\/darpro.ca\/fr\/wp-json\/wp\/v2\/comments?post=987511838"}],"wp:featuredmedia":[{"embeddable":true,"href":"https:\/\/darpro.ca\/fr\/wp-json\/wp\/v2\/media\/987511005"}],"wp:attachment":[{"href":"https:\/\/darpro.ca\/fr\/wp-json\/wp\/v2\/media?parent=987511838"}],"wp:term":[{"taxonomy":"product_brand","embeddable":true,"href":"https:\/\/darpro.ca\/fr\/wp-json\/wp\/v2\/product_brand?post=987511838"},{"taxonomy":"product_cat","embeddable":true,"href":"https:\/\/darpro.ca\/fr\/wp-json\/wp\/v2\/product_cat?post=987511838"},{"taxonomy":"product_tag","embeddable":true,"href":"https:\/\/darpro.ca\/fr\/wp-json\/wp\/v2\/product_tag?post=987511838"}],"curies":[{"name":"wp","href":"https:\/\/api.w.org\/{rel}","templated":true}]}}