{"id":987511840,"date":"2023-04-27T12:23:15","date_gmt":"2023-04-27T16:23:15","guid":{"rendered":"https:\/\/darpro.ca\/shop\/non%20class\u00e9\/titan-60774-11-po-pince-a-long-nez-a-90\/"},"modified":"2024-09-20T10:41:31","modified_gmt":"2024-09-20T14:41:31","slug":"pince-a-bec-long-90-degres-11-po","status":"publish","type":"product","link":"https:\/\/darpro.ca\/fr\/pince-a-bec-long-90-degres-11-po\/","title":{"rendered":"Titan 60774 Pince \u00e0 bec long \u00e0 90\u00b0 de 11 po."},"content":{"rendered":"<p>Ils sont fabriqu\u00e9s \u00e0 partir d\u2019acier forg\u00e9, disposent de m\u00e2choires dentel\u00e9es pour une plus grande puissance de pr\u00e9hension et ont des poign\u00e9es confortables. Pince \u00e0 longue port\u00e9e pour coupe diagonale. Pour un meilleur acc\u00e8s dans les zones restreintes, optez pour les pinces Titan.<\/p>\n","protected":false},"excerpt":{"rendered":"<p>Ils sont fabriqu\u00e9s \u00e0 partir d\u2019acier forg\u00e9, disposent de m\u00e2choires dentel\u00e9es pour une plus grande puissance de pr\u00e9hension et ont des poign\u00e9es confortables. Pince \u00e0 longue port\u00e9e pour coupe diagonale. Pour un meilleur acc\u00e8s dans les zones restreintes, optez pour les pinces Titan.<\/p>\n","protected":false},"featured_media":987511007,"comment_status":"open","ping_status":"closed","template":"","meta":{"_et_pb_use_builder":"","_et_pb_old_content":"","_et_gb_content_width":""},"product_brand":[],"product_cat":[241,240],"product_tag":[185],"class_list":{"0":"post-987511840","1":"product","2":"type-product","3":"status-publish","4":"has-post-thumbnail","6":"product_cat-pinces-a-nez-long","7":"product_cat-pinces","8":"product_tag-outils-titan","10":"first","11":"outofstock","12":"taxable","13":"shipping-taxable","14":"product-type-simple"},"jetpack_sharing_enabled":true,"_links":{"self":[{"href":"https:\/\/darpro.ca\/fr\/wp-json\/wp\/v2\/product\/987511840","targetHints":{"allow":["GET"]}}],"collection":[{"href":"https:\/\/darpro.ca\/fr\/wp-json\/wp\/v2\/product"}],"about":[{"href":"https:\/\/darpro.ca\/fr\/wp-json\/wp\/v2\/types\/product"}],"replies":[{"embeddable":true,"href":"https:\/\/darpro.ca\/fr\/wp-json\/wp\/v2\/comments?post=987511840"}],"wp:featuredmedia":[{"embeddable":true,"href":"https:\/\/darpro.ca\/fr\/wp-json\/wp\/v2\/media\/987511007"}],"wp:attachment":[{"href":"https:\/\/darpro.ca\/fr\/wp-json\/wp\/v2\/media?parent=987511840"}],"wp:term":[{"taxonomy":"product_brand","embeddable":true,"href":"https:\/\/darpro.ca\/fr\/wp-json\/wp\/v2\/product_brand?post=987511840"},{"taxonomy":"product_cat","embeddable":true,"href":"https:\/\/darpro.ca\/fr\/wp-json\/wp\/v2\/product_cat?post=987511840"},{"taxonomy":"product_tag","embeddable":true,"href":"https:\/\/darpro.ca\/fr\/wp-json\/wp\/v2\/product_tag?post=987511840"}],"curies":[{"name":"wp","href":"https:\/\/api.w.org\/{rel}","templated":true}]}}