{"id":987511844,"date":"2023-07-24T17:23:06","date_gmt":"2023-07-24T21:23:06","guid":{"rendered":"https:\/\/darpro.ca\/shop\/non class\u00e9\/vg-6000-versa-guard-barriere-extensible-portable\/"},"modified":"2024-09-20T10:42:42","modified_gmt":"2024-09-20T14:42:42","slug":"vg-6000-versa-guard-portable-extensible-barriere","status":"publish","type":"product","link":"https:\/\/darpro.ca\/fr\/vg-6000-versa-guard-portable-extensible-barriere\/","title":{"rendered":"VG-6000 VERSA-GUARD\u00ae Barri\u00e8re extensible portable"},"content":{"rendered":"<p>Barri\u00e8re de s\u00e9curit\u00e9 extensible portable jaune\/noir fluorescente.<\/p>\n<p>Fabriqu\u00e9 en aluminium extrud\u00e9 et en acier tubulaire. La VERSA-GUARD\u00ae peut \u00eatre command\u00e9e en tant qu\u2019unit\u00e9 stationnaire ou avec des roulettes verrouillantes non marquantes de 2&nbsp;\u00bb en option pour faciliter la mobilit\u00e9.<\/p>\n<p>Cette unit\u00e9 mesure 37&nbsp;\u00bb H et s\u2019\u00e9tend de 17&nbsp;\u00bb ferm\u00e9 \u00e0 plus de 11\u2032 lorsqu\u2019il est \u00e9largi. L\u2019appareil p\u00e8se 31 lb et peut \u00eatre transport\u00e9 comme une bo\u00eete \u00e0 outils lorsqu\u2019il est ferm\u00e9.<\/p>\n<p>&nbsp;<\/p>\n","protected":false},"excerpt":{"rendered":"<p>Barri\u00e8re de s\u00e9curit\u00e9 extensible portable jaune\/noir fluorescente. Fabriqu\u00e9 en aluminium extrud\u00e9 et en acier tubulaire. La VERSA-GUARD\u00ae peut \u00eatre command\u00e9e en tant qu\u2019unit\u00e9 stationnaire ou avec des roulettes verrouillantes non marquantes de 2&nbsp;\u00bb en option pour faciliter la mobilit\u00e9. Cette unit\u00e9 mesure 37&nbsp;\u00bb H et s\u2019\u00e9tend de 17&nbsp;\u00bb ferm\u00e9 \u00e0 plus de 11\u2032 lorsqu\u2019il est [&hellip;]<\/p>\n","protected":false},"featured_media":987511029,"comment_status":"closed","ping_status":"closed","template":"","meta":{"_et_pb_use_builder":"","_et_pb_old_content":"","_et_gb_content_width":""},"product_brand":[],"product_cat":[256],"product_tag":[257],"class_list":{"0":"post-987511844","1":"product","2":"type-product","3":"status-publish","4":"has-post-thumbnail","6":"product_cat-barriere-extensible-portable","7":"product_tag-north-american-safety-fr","9":"first","10":"instock","11":"taxable","12":"shipping-taxable","13":"product-type-simple"},"jetpack_sharing_enabled":true,"_links":{"self":[{"href":"https:\/\/darpro.ca\/fr\/wp-json\/wp\/v2\/product\/987511844","targetHints":{"allow":["GET"]}}],"collection":[{"href":"https:\/\/darpro.ca\/fr\/wp-json\/wp\/v2\/product"}],"about":[{"href":"https:\/\/darpro.ca\/fr\/wp-json\/wp\/v2\/types\/product"}],"replies":[{"embeddable":true,"href":"https:\/\/darpro.ca\/fr\/wp-json\/wp\/v2\/comments?post=987511844"}],"wp:featuredmedia":[{"embeddable":true,"href":"https:\/\/darpro.ca\/fr\/wp-json\/wp\/v2\/media\/987511029"}],"wp:attachment":[{"href":"https:\/\/darpro.ca\/fr\/wp-json\/wp\/v2\/media?parent=987511844"}],"wp:term":[{"taxonomy":"product_brand","embeddable":true,"href":"https:\/\/darpro.ca\/fr\/wp-json\/wp\/v2\/product_brand?post=987511844"},{"taxonomy":"product_cat","embeddable":true,"href":"https:\/\/darpro.ca\/fr\/wp-json\/wp\/v2\/product_cat?post=987511844"},{"taxonomy":"product_tag","embeddable":true,"href":"https:\/\/darpro.ca\/fr\/wp-json\/wp\/v2\/product_tag?post=987511844"}],"curies":[{"name":"wp","href":"https:\/\/api.w.org\/{rel}","templated":true}]}}