{"id":987511846,"date":"2022-11-17T10:30:16","date_gmt":"2022-11-17T15:30:16","guid":{"rendered":"https:\/\/darpro.ca\/shop\/non%20class\u00e9\/titan-62124-24-po-1-2-po-barre-de-disjoncteurs\/"},"modified":"2024-09-20T10:41:39","modified_gmt":"2024-09-20T14:41:39","slug":"barre-de-disjonteur-a-prise-1-2-po-24-po","status":"publish","type":"product","link":"https:\/\/darpro.ca\/fr\/barre-de-disjonteur-a-prise-1-2-po-24-po\/","title":{"rendered":"Titan 62124 Barre de disjoncteur \u00e0 prise 1\/2 po. de 24 po."},"content":{"rendered":"<p>Prise 1\/2 po. Barre de disjoncteur de 24 po.<\/p>\n<ul>\n<li>T\u00eate articul\u00e9e avec poign\u00e9e flexible<\/li>\n<li>Une construction robuste et durable facilite les travaux difficiles<\/li>\n<li>Finition polie miroir<\/li>\n<\/ul>\n","protected":false},"excerpt":{"rendered":"<p>Prise 1\/2 po. Barre de disjoncteur de 24 po. T\u00eate articul\u00e9e avec poign\u00e9e flexible Une construction robuste et durable facilite les travaux difficiles Finition polie miroir<\/p>\n","protected":false},"featured_media":987511016,"comment_status":"open","ping_status":"closed","template":"","meta":{"_et_pb_use_builder":"","_et_pb_old_content":"","_et_gb_content_width":""},"product_brand":[],"product_cat":[248,162],"product_tag":[185],"class_list":{"0":"post-987511846","1":"product","2":"type-product","3":"status-publish","4":"has-post-thumbnail","6":"product_cat-barres-de-disjoncteurs","7":"product_cat-outils-dentrainement-et-prises-dimpact","8":"product_tag-outils-titan","10":"first","11":"instock","12":"taxable","13":"shipping-taxable","14":"product-type-simple"},"jetpack_sharing_enabled":true,"_links":{"self":[{"href":"https:\/\/darpro.ca\/fr\/wp-json\/wp\/v2\/product\/987511846","targetHints":{"allow":["GET"]}}],"collection":[{"href":"https:\/\/darpro.ca\/fr\/wp-json\/wp\/v2\/product"}],"about":[{"href":"https:\/\/darpro.ca\/fr\/wp-json\/wp\/v2\/types\/product"}],"replies":[{"embeddable":true,"href":"https:\/\/darpro.ca\/fr\/wp-json\/wp\/v2\/comments?post=987511846"}],"wp:featuredmedia":[{"embeddable":true,"href":"https:\/\/darpro.ca\/fr\/wp-json\/wp\/v2\/media\/987511016"}],"wp:attachment":[{"href":"https:\/\/darpro.ca\/fr\/wp-json\/wp\/v2\/media?parent=987511846"}],"wp:term":[{"taxonomy":"product_brand","embeddable":true,"href":"https:\/\/darpro.ca\/fr\/wp-json\/wp\/v2\/product_brand?post=987511846"},{"taxonomy":"product_cat","embeddable":true,"href":"https:\/\/darpro.ca\/fr\/wp-json\/wp\/v2\/product_cat?post=987511846"},{"taxonomy":"product_tag","embeddable":true,"href":"https:\/\/darpro.ca\/fr\/wp-json\/wp\/v2\/product_tag?post=987511846"}],"curies":[{"name":"wp","href":"https:\/\/api.w.org\/{rel}","templated":true}]}}