{"id":987511847,"date":"2023-04-27T12:23:16","date_gmt":"2023-04-27T16:23:16","guid":{"rendered":"https:\/\/darpro.ca\/shop\/non%20class\u00e9\/titan-63125-5-pc-jeu-de-marteaux\/"},"modified":"2024-09-20T10:41:40","modified_gmt":"2024-09-20T14:41:40","slug":"titan-jeu-de-5-marteaux","status":"publish","type":"product","link":"https:\/\/darpro.ca\/fr\/titan-jeu-de-5-marteaux\/","title":{"rendered":"Titan 63125 Jeu de 5 marteaux"},"content":{"rendered":"<ul class=\"a-unordered-list a-vertical a-spacing-none\">\n<li><span class=\"a-list-item\">Poign\u00e9es confortables et textur\u00e9es pour une manipulation facile<\/span><\/li>\n<li><span class=\"a-list-item\">(1) 16 onces Marteau \u00e0 panne ronde (63316),(1) 32 oz. Marteau \u00e0 panne ronde (63024)<\/span><\/li>\n<li><span class=\"a-list-item\">(1) 32 onces Maillet en caoutchouc (63232)<\/span><\/li>\n<li><span class=\"a-list-item\">(1) 3 lb Marteau de forgeron (63000)<\/span><\/li>\n<li><span class=\"a-list-item\">(1) 3 lb Marteau \u00e0 panne crois\u00e9e (63004)<\/span><\/li>\n<\/ul>\n","protected":false},"excerpt":{"rendered":"<p>Poign\u00e9es confortables et textur\u00e9es pour une manipulation facile (1) 16 onces Marteau \u00e0 panne ronde (63316),(1) 32 oz. Marteau \u00e0 panne ronde (63024) (1) 32 onces Maillet en caoutchouc (63232) (1) 3 lb Marteau de forgeron (63000) (1) 3 lb Marteau \u00e0 panne crois\u00e9e (63004)<\/p>\n","protected":false},"featured_media":987511017,"comment_status":"open","ping_status":"closed","template":"","meta":{"_et_pb_use_builder":"","_et_pb_old_content":"","_et_gb_content_width":""},"product_brand":[],"product_cat":[258],"product_tag":[185],"class_list":{"0":"post-987511847","1":"product","2":"type-product","3":"status-publish","4":"has-post-thumbnail","6":"product_cat-jeu-de-marteaux","7":"product_tag-outils-titan","9":"first","10":"outofstock","11":"taxable","12":"shipping-taxable","13":"product-type-simple"},"jetpack_sharing_enabled":true,"_links":{"self":[{"href":"https:\/\/darpro.ca\/fr\/wp-json\/wp\/v2\/product\/987511847","targetHints":{"allow":["GET"]}}],"collection":[{"href":"https:\/\/darpro.ca\/fr\/wp-json\/wp\/v2\/product"}],"about":[{"href":"https:\/\/darpro.ca\/fr\/wp-json\/wp\/v2\/types\/product"}],"replies":[{"embeddable":true,"href":"https:\/\/darpro.ca\/fr\/wp-json\/wp\/v2\/comments?post=987511847"}],"wp:featuredmedia":[{"embeddable":true,"href":"https:\/\/darpro.ca\/fr\/wp-json\/wp\/v2\/media\/987511017"}],"wp:attachment":[{"href":"https:\/\/darpro.ca\/fr\/wp-json\/wp\/v2\/media?parent=987511847"}],"wp:term":[{"taxonomy":"product_brand","embeddable":true,"href":"https:\/\/darpro.ca\/fr\/wp-json\/wp\/v2\/product_brand?post=987511847"},{"taxonomy":"product_cat","embeddable":true,"href":"https:\/\/darpro.ca\/fr\/wp-json\/wp\/v2\/product_cat?post=987511847"},{"taxonomy":"product_tag","embeddable":true,"href":"https:\/\/darpro.ca\/fr\/wp-json\/wp\/v2\/product_tag?post=987511847"}],"curies":[{"name":"wp","href":"https:\/\/api.w.org\/{rel}","templated":true}]}}