{"id":987511848,"date":"2022-11-17T10:58:16","date_gmt":"2022-11-17T15:58:16","guid":{"rendered":"https:\/\/darpro.ca\/shop\/non%20class\u00e9\/titan-68802-12-pc-ensemble-de-sockets-star-bit\/"},"modified":"2024-09-20T10:41:42","modified_gmt":"2024-09-20T14:41:42","slug":"titan-12-pc-douilles-etoiles-extensibles","status":"publish","type":"product","link":"https:\/\/darpro.ca\/fr\/titan-12-pc-douilles-etoiles-extensibles\/","title":{"rendered":"Titan 68802 12 pc. Douilles \u00e9toiles extensibles"},"content":{"rendered":"<ul>\n<li>1\/4\u00a0\u00bb Dr. T10, T15, T25, T27, T30<\/li>\n<li>3\/8\u00a0\u00bb Dr, T40, T45, T47, T50, T55<\/li>\n<li>1\/2\u00a0\u00bb Dr. T60<\/li>\n<li>Douilles chrom\u00e9es en vanadium avec embouts en alliage S-2<\/li>\n<li>Anneau molet\u00e9 autour de la base de la douille permettant une adh\u00e9rence s\u00fbre dans des conditions grasses ou huileuses<\/li>\n<li>Finition polie miroir<\/li>\n<\/ul>\n","protected":false},"excerpt":{"rendered":"<p>1\/4\u00a0\u00bb Dr. T10, T15, T25, T27, T30 3\/8\u00a0\u00bb Dr, T40, T45, T47, T50, T55 1\/2\u00a0\u00bb Dr. T60 Douilles chrom\u00e9es en vanadium avec embouts en alliage S-2 Anneau molet\u00e9 autour de la base de la douille permettant une adh\u00e9rence s\u00fbre dans des conditions grasses ou huileuses Finition polie miroir<\/p>\n","protected":false},"featured_media":987511018,"comment_status":"open","ping_status":"closed","template":"","meta":{"_et_pb_use_builder":"","_et_pb_old_content":"","_et_gb_content_width":""},"product_brand":[],"product_cat":[249,166],"product_tag":[185],"class_list":{"0":"post-987511848","1":"product","2":"type-product","3":"status-publish","4":"has-post-thumbnail","6":"product_cat-jeu-de-sockets-binaires","7":"product_cat-sockets-bit-sockets-socket-adapters-fr","8":"product_tag-outils-titan","10":"first","11":"instock","12":"taxable","13":"shipping-taxable","14":"product-type-simple"},"jetpack_sharing_enabled":true,"_links":{"self":[{"href":"https:\/\/darpro.ca\/fr\/wp-json\/wp\/v2\/product\/987511848","targetHints":{"allow":["GET"]}}],"collection":[{"href":"https:\/\/darpro.ca\/fr\/wp-json\/wp\/v2\/product"}],"about":[{"href":"https:\/\/darpro.ca\/fr\/wp-json\/wp\/v2\/types\/product"}],"replies":[{"embeddable":true,"href":"https:\/\/darpro.ca\/fr\/wp-json\/wp\/v2\/comments?post=987511848"}],"wp:featuredmedia":[{"embeddable":true,"href":"https:\/\/darpro.ca\/fr\/wp-json\/wp\/v2\/media\/987511018"}],"wp:attachment":[{"href":"https:\/\/darpro.ca\/fr\/wp-json\/wp\/v2\/media?parent=987511848"}],"wp:term":[{"taxonomy":"product_brand","embeddable":true,"href":"https:\/\/darpro.ca\/fr\/wp-json\/wp\/v2\/product_brand?post=987511848"},{"taxonomy":"product_cat","embeddable":true,"href":"https:\/\/darpro.ca\/fr\/wp-json\/wp\/v2\/product_cat?post=987511848"},{"taxonomy":"product_tag","embeddable":true,"href":"https:\/\/darpro.ca\/fr\/wp-json\/wp\/v2\/product_tag?post=987511848"}],"curies":[{"name":"wp","href":"https:\/\/api.w.org\/{rel}","templated":true}]}}