{"id":987511852,"date":"2022-11-13T14:05:51","date_gmt":"2022-11-13T19:05:51","guid":{"rendered":"https:\/\/darpro.ca\/shop\/non%20class\u00e9\/titan-12443-10-po-cisailles-a-mailles\/"},"modified":"2024-09-20T10:39:31","modified_gmt":"2024-09-20T14:39:31","slug":"titan-12443-cisailles-a-mailles-10-po","status":"publish","type":"product","link":"https:\/\/darpro.ca\/fr\/titan-12443-cisailles-a-mailles-10-po\/","title":{"rendered":"Titan 12443 Cisailles \u00e0 mailles de 10 po."},"content":{"rendered":"<ul>\n<li>Titan 12443 10 po Cisailles \u00e0 mailles de 10 po.<\/li>\n<li>Int\u00e9rieur: 6<\/li>\n<li><span class=\"a-list-item\">Cisailles polyvalentes de longueur totale de 10 po pour couper le fil. \u00c9tain. Clous. Treillis. Aluminium et plus<\/span><\/li>\n<li><span class=\"a-list-item\">Le meulage CNC pr\u00e9cis et le traitement thermique sous vide des lames de coupe fournissent des bords durcis qui restent tranchants et durables<\/span><\/li>\n<li><span class=\"a-list-item\">Assez pr\u00e9cis pour couper du papier comme des ciseaux<\/span><\/li>\n<li><span class=\"a-list-item\">Crochet de verrouillage \u00e0 d\u00e9gagement automatique<\/span><\/li>\n<li><span class=\"a-list-item\">M\u00e2choire chrome molybd\u00e8ne longue dur\u00e9e<\/span><\/li>\n<\/ul>\n","protected":false},"excerpt":{"rendered":"<p>Titan 12443 10 po Cisailles \u00e0 mailles de 10 po. Int\u00e9rieur: 6 Cisailles polyvalentes de longueur totale de 10 po pour couper le fil. \u00c9tain. Clous. Treillis. Aluminium et plus Le meulage CNC pr\u00e9cis et le traitement thermique sous vide des lames de coupe fournissent des bords durcis qui restent tranchants et durables Assez pr\u00e9cis [&hellip;]<\/p>\n","protected":false},"featured_media":987511047,"comment_status":"open","ping_status":"closed","template":"","meta":{"_et_pb_use_builder":"","_et_pb_old_content":"","_et_gb_content_width":""},"product_brand":[],"product_cat":[259,198],"product_tag":[185],"class_list":{"0":"post-987511852","1":"product","2":"type-product","3":"status-publish","4":"has-post-thumbnail","6":"product_cat-cisailles-a-mailles","7":"product_cat-outils-de-coupe","8":"product_tag-outils-titan","10":"first","11":"instock","12":"taxable","13":"shipping-taxable","14":"product-type-simple"},"jetpack_sharing_enabled":true,"_links":{"self":[{"href":"https:\/\/darpro.ca\/fr\/wp-json\/wp\/v2\/product\/987511852","targetHints":{"allow":["GET"]}}],"collection":[{"href":"https:\/\/darpro.ca\/fr\/wp-json\/wp\/v2\/product"}],"about":[{"href":"https:\/\/darpro.ca\/fr\/wp-json\/wp\/v2\/types\/product"}],"replies":[{"embeddable":true,"href":"https:\/\/darpro.ca\/fr\/wp-json\/wp\/v2\/comments?post=987511852"}],"wp:featuredmedia":[{"embeddable":true,"href":"https:\/\/darpro.ca\/fr\/wp-json\/wp\/v2\/media\/987511047"}],"wp:attachment":[{"href":"https:\/\/darpro.ca\/fr\/wp-json\/wp\/v2\/media?parent=987511852"}],"wp:term":[{"taxonomy":"product_brand","embeddable":true,"href":"https:\/\/darpro.ca\/fr\/wp-json\/wp\/v2\/product_brand?post=987511852"},{"taxonomy":"product_cat","embeddable":true,"href":"https:\/\/darpro.ca\/fr\/wp-json\/wp\/v2\/product_cat?post=987511852"},{"taxonomy":"product_tag","embeddable":true,"href":"https:\/\/darpro.ca\/fr\/wp-json\/wp\/v2\/product_tag?post=987511852"}],"curies":[{"name":"wp","href":"https:\/\/api.w.org\/{rel}","templated":true}]}}