{"id":987511854,"date":"2022-11-17T10:58:16","date_gmt":"2022-11-17T15:58:16","guid":{"rendered":"https:\/\/darpro.ca\/shop\/non class\u00e9\/titan-68660-10-pc-10-mm-jeu-de-douilles\/"},"modified":"2024-09-20T10:41:41","modified_gmt":"2024-09-20T14:41:41","slug":"titan-68660-10-pc-10-mm-socket-set","status":"publish","type":"product","link":"https:\/\/darpro.ca\/fr\/titan-68660-10-pc-10-mm-socket-set\/","title":{"rendered":"Titan 68660 10 pc 10 mm Jeu de douilles"},"content":{"rendered":"<p><strong class=\"\">Titan &#8211; 10 Pc. 1\/4 po et 3\/8 po. Kit de douilles Dr. 10 mm (68660)<\/strong><\/p>\n<ul class=\"a-unordered-list a-vertical a-spacing-mini\">\n<li class=\"a-spacing-mini\"><span class=\"a-list-item\">L\u2019ensemble comprend: (5) 3\/8 pouces et (5) 1\/4 pouce lecteur 10mm sockets | Douilles d\u2019impact souple \u00e0 12 points, \u00e0 6 points de profondeur, \u00e0 6 points peu profondes et \u00e0 6 points peu profondes dans les formats d\u2019entra\u00eenement 1\/4 pouce et 3\/8 de pouce<\/span><\/li>\n<li class=\"a-spacing-mini\"><span class=\"a-list-item\">Une combinaison de 5 types de douilles de 10 mm diff\u00e9rents sur un rail<\/span><\/li>\n<li class=\"a-spacing-mini\"><span class=\"a-list-item\">Les douilles standard sont construites en chrome vanadium avec finition polie compl\u00e8te et douilles \u00e0 impact en chrome molybd\u00e8ne avec finition phosphate<\/span><\/li>\n<li class=\"a-spacing-mini\"><span class=\"a-list-item\">Un rail de rangement pratique est inclus<\/span><\/li>\n<\/ul>\n","protected":false},"excerpt":{"rendered":"<p>Titan &#8211; 10 Pc. 1\/4 po et 3\/8 po. Kit de douilles Dr. 10 mm (68660) L\u2019ensemble comprend: (5) 3\/8 pouces et (5) 1\/4 pouce lecteur 10mm sockets | Douilles d\u2019impact souple \u00e0 12 points, \u00e0 6 points de profondeur, \u00e0 6 points peu profondes et \u00e0 6 points peu profondes dans les formats d\u2019entra\u00eenement [&hellip;]<\/p>\n","protected":false},"featured_media":987511057,"comment_status":"open","ping_status":"closed","template":"","meta":{"_et_pb_use_builder":"","_et_pb_old_content":"","_et_gb_content_width":""},"product_brand":[],"product_cat":[166],"product_tag":[185],"class_list":{"0":"post-987511854","1":"product","2":"type-product","3":"status-publish","4":"has-post-thumbnail","6":"product_cat-sockets-bit-sockets-socket-adapters-fr","7":"product_tag-outils-titan","9":"first","10":"instock","11":"taxable","12":"shipping-taxable","13":"product-type-simple"},"jetpack_sharing_enabled":true,"_links":{"self":[{"href":"https:\/\/darpro.ca\/fr\/wp-json\/wp\/v2\/product\/987511854","targetHints":{"allow":["GET"]}}],"collection":[{"href":"https:\/\/darpro.ca\/fr\/wp-json\/wp\/v2\/product"}],"about":[{"href":"https:\/\/darpro.ca\/fr\/wp-json\/wp\/v2\/types\/product"}],"replies":[{"embeddable":true,"href":"https:\/\/darpro.ca\/fr\/wp-json\/wp\/v2\/comments?post=987511854"}],"wp:featuredmedia":[{"embeddable":true,"href":"https:\/\/darpro.ca\/fr\/wp-json\/wp\/v2\/media\/987511057"}],"wp:attachment":[{"href":"https:\/\/darpro.ca\/fr\/wp-json\/wp\/v2\/media?parent=987511854"}],"wp:term":[{"taxonomy":"product_brand","embeddable":true,"href":"https:\/\/darpro.ca\/fr\/wp-json\/wp\/v2\/product_brand?post=987511854"},{"taxonomy":"product_cat","embeddable":true,"href":"https:\/\/darpro.ca\/fr\/wp-json\/wp\/v2\/product_cat?post=987511854"},{"taxonomy":"product_tag","embeddable":true,"href":"https:\/\/darpro.ca\/fr\/wp-json\/wp\/v2\/product_tag?post=987511854"}],"curies":[{"name":"wp","href":"https:\/\/api.w.org\/{rel}","templated":true}]}}